{"id":109,"date":"2023-02-21T20:20:41","date_gmt":"2023-02-22T01:20:41","guid":{"rendered":"https:\/\/hoperemainsonline.com\/?page_id=109"},"modified":"2023-02-21T20:20:42","modified_gmt":"2023-02-22T01:20:42","slug":"trang-chu","status":"publish","type":"page","link":"https:\/\/hoperemainsonline.com\/index.php\/home\/trang-chu\/","title":{"rendered":"Trang ch<strong>\u1ee7<\/strong>"},"content":{"rendered":"\n<h2 class=\"wp-block-heading\">THI\u00caN CH\u00daA C\u00d3 CH\u1ed0NG \u0110\u1ed0I \u0110\u1ed2NG T\u00cdNH KH\u00d4NG?<\/h2>\n\n\n\n<p><br><strong>C\u00d2N L\u1ea0I HY V\u1eccNG<\/strong><\/p>\n\n\n\n<p><br>N\u00caN B\u00c2Y GI\u1edc C\u00d2N BA \u0110I\u1ec0U N\u00c0Y: \u0110\u1ee8C TIN, HY V\u1eccNG V\u00c0 T\u00ccNH Y\u00caU TH\u01af\u01a0NG.<br>NH\u01afNG \u0110I\u1ec0U L\u1edaN H\u01a0N H\u1ebeT L\u00c0 T\u00ccNH Y\u00caU TH\u01af\u01a0NG. <em>(1 C\u00d4 13:13, B\u1ea2N D\u1ecaCH<br>M\u1edaI).<\/em><\/p>\n\n\n\n<p><br><strong>Ch\u00e0o m\u1eebng!<\/strong><\/p>\n\n\n\n<p>N\u1ebfu b\u1ea1n l\u00e0 ng\u01b0\u1eddi theo Ch\u00faa v\u00e0 mong mu\u1ed1n \u0111\u01b0\u1ee3c bi\u1ebft th\u00e1nh kinh th\u1eadt s\u1ef1 n\u00f3i g\u00ec v\u1ec1 \u0111\u1ed3ng t\u00ednh, trang web n\u00e0y d\u00e0nh cho b\u1ea1n.<br>N\u1ebfu b\u1ea1n l\u00e0 ng\u01b0\u1eddi \u0111\u1ed3ng t\u00ednh nam, \u0111\u1ed3ng t\u00ednh n\u1eef, song t\u00ednh, chuy\u1ec3n gi\u1edbi hay \u0111ang<br>kh\u00e1m ph\u00e1 t\u00ednh d\u1ee5c c\u1ee7a b\u1ea3n th\u00e2n, v\u00e0 b\u1ea1n s\u1ee3 r\u1eb1ng Ch\u00faa s\u1ebd ch\u1ed1i b\u1ecf b\u1ea1n, k\u1ebft t\u1ed9i b\u1ea1n<br>v\u00e0o \u0111\u1ecba ng\u1ee5c, ho\u1eb7c th\u1eadm ch\u00ed l\u00e0 gh\u00e9t b\u1ea1n, v\u00e0 b\u1ea1n \u0111ang t\u00ecm ki\u1ebfm hy v\u1ecdng, trang web n\u00e0y d\u00e0nh cho b\u1ea1n.<\/p>\n\n\n\n<p>Ch\u00fang t\u00f4i s\u1ebd kh\u00f4ng d\u00f9ng l\u1eddi th\u00e1nh kinh \u0111\u1ec3 ch\u00e0 \u0111\u1ea1p ai c\u1ea3. Ch\u00fang t\u00f4i hi\u1ec3u r\u1eb1ng t\u00ednh d\u1ee5c c\u1ee7a b\u1ea1n l\u00e0 ch\u1ee7 y\u1ebfu n\u00f3i v\u1ec1 con ng\u01b0\u1eddi c\u1ee7a b\u1ea1n, kh\u00f4ng ph\u1ea3i \u0111i\u1ec1u b\u1ea1n l\u00e0m, c\u0169ng kh\u00f4ng ph\u1ea3i l\u00e0 \u0111i\u1ec1u b\u1ea1n ch\u1ecdn.<br>Ch\u00fang t\u00f4i s\u1ebd kh\u00f4ng ph\u00e1n x\u00e9t b\u1ea1n, v\u00e0 ch\u00fang t\u00f4i s\u1ebd kh\u00f4ng c\u1ed1 g\u1eafng thay \u0111\u1ed5i \u0111i\u1ec1u g\u00ec \u1edf b\u1ea1n, c\u00f3 l\u1ebd ngo\u1ea1i tr\u1eeb c\u00e1ch b\u1ea1n nh\u00ecn nh\u1eadn b\u1ea3n th\u00e2n v\u00e0 c\u00e1ch b\u1ea1n n\u1eb1m trong k\u1ebf ho\u1ea1ch c\u1ee7a Ch\u00faa v\u00e0 V\u01b0\u01a1ng Qu\u1ed1c c\u1ee7a Ng\u00e0i.<\/p>\n\n\n\n<p>\u0110i\u1ec1u ch\u00fang t\u00f4i s\u1ebd l\u00e0m l\u00e0 \u0111i\u1ec3m l\u1ea1i t\u1eebng \u0111o\u1ea1n c\u1ee7a th\u00e1nh kinh m\u00e0 b\u1ea1n cho l\u00e0 l\u00ean \u00e1n<br>b\u1ea1n, xem x\u00e9t ch\u00fang b\u1eb1ng ti\u1ebfng H\u00ea-b\u01a1-r\u01a1 v\u00e0 ti\u1ebfng Hy L\u1ea1p (nh\u1eefng ng\u00f4n ng\u1eef g\u1ed1c c\u1ee7a Kinh Th\u00e1nh), v\u00e0 t\u1ef1 m\u00ecnh t\u00ecm hi\u1ec3u xem Thi\u00ean Ch\u00faa ngh\u0129 g\u00ec &#8211; kh\u00f4ng c\u00f3 s\u1ef1 can thi\u1ec7p c\u1ee7a \u00fd ki\u1ebfn con ng\u01b0\u1eddi, \u0111\u1ecbnh ki\u1ebfn c\u1ee7a l\u1ecbch s\u1eed, c\u1ee7a nh\u1eefng ng\u01b0\u1eddi hay ph\u00e1n x\u00e9t, hay nh\u1eefng d\u1ecbch gi\u1ea3 trung c\u1ed5 (v\u00e0 hi\u1ec7n \u0111\u1ea1i) c\u00f3 th\u00e0nh ki\u1ebfn.<\/p>\n\n\n\n<p>\u00dd \u0111\u1ecbnh c\u1ee7a ch\u00fang t\u00f4i cho nh\u1eefng trang sau \u0111\u00e2y l\u00e0 \u0111\u1ec3 ch\u1ee9ng t\u1ecf r\u1eb1ng th\u00e1nh kinh trong ng\u00f4n ng\u1eef g\u1ed1c kh\u00f4ng h\u1ec1 l\u00ean \u00e1n \u0111\u1ed3ng t\u00ednh, v\u00e0 h\u00f4n nh\u00e2n \u0111\u1ed3ng gi\u1edbi, th\u01b0\u1eddng \u0111\u01b0\u1ee3c cho l\u00e0 m\u1ed9t kh\u00e1i ni\u1ec7m \u201cm\u1edbi\u201d, \u0111\u00e3 t\u1ed3n t\u1ea1i v\u00e0 \u0111\u00e3 \u0111\u01b0\u1ee3c ch\u1ea5p nh\u1eadn h\u1ed3i \u1ea5y. Ch\u00fang t\u00f4i c\u0169ng hy v\u1ecdng c\u00f3 th\u1ec3 l\u00e0m r\u00f5 r\u1eb1ng ng\u01b0\u1eddi chuy\u1ec3n gi\u1edbi chuy\u1ec3n \u0111\u1ed5i theo gi\u1edbi t\u00ednh m\u00ecnh mong mu\u1ed1n KH\u00d4NG ph\u1ea1m t\u1ed9i.<\/p>\n\n\n\n<p>Ch\u00fang t\u00f4i hy v\u1ecdng r\u1eb1ng b\u1ea1n s\u1ebd t\u00ecm \u0111\u01b0\u1ee3c ni\u1ec1m hy v\u1ecdng m\u1edbi v\u00e0 s\u1ef1 hi\u1ec3u bi\u1ebft v\u1eefng<br>ch\u1eafc r\u1eb1ng Gi\u00ea-xu y\u00eau b\u1ea1n nhi\u1ec1u h\u01a1n nh\u1eefng g\u00ec b\u1ea1n \u0111\u01b0\u1ee3c d\u1eabn tin.<\/p>\n\n\n\n<p>Ghi ch\u00fa: \u1ede nh\u1eefng ch\u1ed7 ch\u00fang t\u00f4i d\u00f9ng ti\u1ebfng H\u00ea-b\u01a1-r\u01a1 v\u00e0 ti\u1ebfng Hy L\u1ea1p, ch\u00fang t\u00f4i<br>c\u0169ng \u0111\u00e3 chuy\u1ec3n ng\u1eef sang b\u1ea3ng ch\u1eef c\u00e1i c\u1ee7a ch\u00fang ta \u0111\u1ec3 t\u00ecm c\u00e1ch ph\u00e1t \u00e2m g\u1ea7n \u0111\u00fang theo l\u1ed1i HI\u1ec6N \u0110\u1ea0I. (Kh\u00f4ng m\u1ed9t ai c\u00f2n s\u1ed1ng hi\u1ec7n nay c\u00f3 th\u1ec3 n\u00f3i cho ch\u00fang ta bi\u1ebft ti\u1ebfng H\u00ea-b\u01a1-r\u01a1 Kinh Th\u00e1nh v\u00e0 ti\u1ebfng Hy L\u1ea1p Koine \u0111\u01b0\u1ee3c ph\u00e1t \u00e2m ra sao, n\u00ean s\u1ebd d\u1ec5 hi\u1ec3u h\u01a1n n\u1ebfu ta d\u00f9ng c\u00e1ch ph\u00e1t \u00e2m hi\u1ec7n \u0111\u1ea1i c\u1ee7a c\u1ea3 hai ng\u00f4n ng\u1eef.)<\/p>\n","protected":false},"excerpt":{"rendered":"<p>THI\u00caN CH\u00daA C\u00d3 CH\u1ed0NG \u0110\u1ed0I \u0110\u1ed2NG T\u00cdNH KH\u00d4NG? C\u00d2N L\u1ea0I HY V\u1eccNG N\u00caN B\u00c2Y GI\u1edc C\u00d2N BA \u0110I\u1ec0U N\u00c0Y: \u0110\u1ee8C TIN, HY V\u1eccNG V\u00c0 T\u00ccNH Y\u00caU TH\u01af\u01a0NG.NH\u01afNG \u0110I\u1ec0U L\u1edaN H\u01a0N H\u1ebeT L\u00c0 T\u00ccNH Y\u00caU TH\u01af\u01a0NG. (1 C\u00d4 13:13, B\u1ea2N D\u1ecaCHM\u1edaI). Ch\u00e0o m\u1eebng! N\u1ebfu b\u1ea1n l\u00e0 ng\u01b0\u1eddi theo Ch\u00faa v\u00e0 mong mu\u1ed1n \u0111\u01b0\u1ee3c bi\u1ebft th\u00e1nh kinh [&hellip;]<\/p>\n","protected":false},"author":1,"featured_media":0,"parent":8,"menu_order":0,"comment_status":"closed","ping_status":"closed","template":"","meta":{"footnotes":""},"class_list":["post-109","page","type-page","status-publish","hentry"],"_links":{"self":[{"href":"https:\/\/hoperemainsonline.com\/index.php\/wp-json\/wp\/v2\/pages\/109","targetHints":{"allow":["GET"]}}],"collection":[{"href":"https:\/\/hoperemainsonline.com\/index.php\/wp-json\/wp\/v2\/pages"}],"about":[{"href":"https:\/\/hoperemainsonline.com\/index.php\/wp-json\/wp\/v2\/types\/page"}],"author":[{"embeddable":true,"href":"https:\/\/hoperemainsonline.com\/index.php\/wp-json\/wp\/v2\/users\/1"}],"replies":[{"embeddable":true,"href":"https:\/\/hoperemainsonline.com\/index.php\/wp-json\/wp\/v2\/comments?post=109"}],"version-history":[{"count":1,"href":"https:\/\/hoperemainsonline.com\/index.php\/wp-json\/wp\/v2\/pages\/109\/revisions"}],"predecessor-version":[{"id":110,"href":"https:\/\/hoperemainsonline.com\/index.php\/wp-json\/wp\/v2\/pages\/109\/revisions\/110"}],"up":[{"embeddable":true,"href":"https:\/\/hoperemainsonline.com\/index.php\/wp-json\/wp\/v2\/pages\/8"}],"wp:attachment":[{"href":"https:\/\/hoperemainsonline.com\/index.php\/wp-json\/wp\/v2\/media?parent=109"}],"curies":[{"name":"wp","href":"https:\/\/api.w.org\/{rel}","templated":true}]}}